{"id":8,"date":"2023-01-05T17:20:26","date_gmt":"2023-01-05T16:20:26","guid":{"rendered":"http:\/\/illustx.cluster031.hosting.ovh.net\/?page_id=8"},"modified":"2023-06-12T21:21:16","modified_gmt":"2023-06-12T19:21:16","slug":"contact","status":"publish","type":"page","link":"https:\/\/illustratific.com\/index.php\/contact\/","title":{"rendered":"Contact"},"content":{"rendered":"<table style=\"border-collapse: collapse; width: 100%;\">\n<tbody>\n<tr>\n<td style=\"width: 50%; text-align: center;\"><img loading=\"lazy\" decoding=\"async\" class=\"alignnone wp-image-739 size-medium\" src=\"https:\/\/illustratific.com\/wp-content\/uploads\/2023\/04\/mail-300x271.png\" alt=\"\" width=\"300\" height=\"271\" srcset=\"https:\/\/illustratific.com\/wp-content\/uploads\/2023\/04\/mail-300x271.png 300w, https:\/\/illustratific.com\/wp-content\/uploads\/2023\/04\/mail-1024x924.png 1024w, https:\/\/illustratific.com\/wp-content\/uploads\/2023\/04\/mail-768x693.png 768w, https:\/\/illustratific.com\/wp-content\/uploads\/2023\/04\/mail.png 1521w\" sizes=\"auto, (max-width: 300px) 100vw, 300px\" \/><\/td>\n<td style=\"width: 50%; text-align: left;\">\n<p style=\"text-align: justify;\">Illustratific n&rsquo;est ni une soci\u00e9t\u00e9, ni une association, ni un organisme, mais un concept ouvert. Vous pouvez dire ce que vous appr\u00e9ciez et me contacter, par e-mail, si vous \u00eates scientifique, enseignant(e) ou simplement curieux(se) pour construire des projets ensemble.<\/p>\n<p style=\"text-align: justify;\">Je suis Patrick Trouillas Professeur de Physique-Chimie \u00e0 l\u2019<a href=\"https:\/\/www.unilim.fr\/\">Universit\u00e9 de Limoges<\/a>, \u00e0 la <a href=\"https:\/\/www.pharmacie.unilim.fr\/\">Facult\u00e9 de Pharmacie<\/a>.<\/p>\n<p style=\"text-align: justify;\">Je suis \u00e9galement chercheur affili\u00e9 au <a href=\"https:\/\/www.catrin.com\/\">centre de recherche CATRIN<\/a> \u00e0 Olomouc en R\u00e9publique Tch\u00e8que et co-fondateur de la compagnie <a href=\"https:\/\/www.insilibio.com\/\">InSiliBio<\/a>.<\/p>\n<p><span style=\"font-size: 14pt;\"><strong><a href=\"mailto:illustratific@gmail.com\">illustratific@gmail.com<\/a><\/strong><\/span><\/td>\n<\/tr>\n<\/tbody>\n<\/table>\n<hr \/>\n<p><img loading=\"lazy\" decoding=\"async\" class=\"size-medium wp-image-730 aligncenter\" src=\"https:\/\/illustratific.com\/wp-content\/uploads\/2023\/04\/vague-300x136.png\" alt=\"\" width=\"300\" height=\"136\" srcset=\"https:\/\/illustratific.com\/wp-content\/uploads\/2023\/04\/vague-300x136.png 300w, https:\/\/illustratific.com\/wp-content\/uploads\/2023\/04\/vague.png 662w\" sizes=\"auto, (max-width: 300px) 100vw, 300px\" \/><\/p>\n<p style=\"text-align: center;\"><span style=\"font-size: 14pt;\"><strong><a title=\"\" href=\"https:\/\/illustratific.com\/index.php\/contact\/mentions-legales\/\" data-rich-text-format-boundary=\"true\">Mentions L\u00e9gales<\/a><\/strong><\/span><\/p>\n","protected":false},"excerpt":{"rendered":"<p>Illustratific n&rsquo;est ni une soci\u00e9t\u00e9, ni une association, ni un organisme, mais un concept ouvert. Vous pouvez dire ce que vous appr\u00e9ciez et me contacter, par e-mail, si vous \u00eates scientifique, enseignant(e) ou simplement curieux(se) pour construire des projets ensemble. Je suis Patrick Trouillas Professeur de Physique-Chimie \u00e0 l\u2019Universit\u00e9 de Limoges, \u00e0 la Facult\u00e9 de &hellip; <\/p>\n<p class=\"link-more\"><a href=\"https:\/\/illustratific.com\/index.php\/contact\/\" class=\"more-link\">Continuer la lecture<span class=\"screen-reader-text\"> de &laquo;&nbsp;Contact&nbsp;&raquo;<\/span><\/a><\/p>\n","protected":false},"author":2,"featured_media":0,"parent":0,"menu_order":8,"comment_status":"closed","ping_status":"closed","template":"","meta":{"footnotes":""},"class_list":["post-8","page","type-page","status-publish","hentry"],"aioseo_notices":[],"_links":{"self":[{"href":"https:\/\/illustratific.com\/index.php\/wp-json\/wp\/v2\/pages\/8","targetHints":{"allow":["GET"]}}],"collection":[{"href":"https:\/\/illustratific.com\/index.php\/wp-json\/wp\/v2\/pages"}],"about":[{"href":"https:\/\/illustratific.com\/index.php\/wp-json\/wp\/v2\/types\/page"}],"author":[{"embeddable":true,"href":"https:\/\/illustratific.com\/index.php\/wp-json\/wp\/v2\/users\/2"}],"replies":[{"embeddable":true,"href":"https:\/\/illustratific.com\/index.php\/wp-json\/wp\/v2\/comments?post=8"}],"version-history":[{"count":25,"href":"https:\/\/illustratific.com\/index.php\/wp-json\/wp\/v2\/pages\/8\/revisions"}],"predecessor-version":[{"id":1192,"href":"https:\/\/illustratific.com\/index.php\/wp-json\/wp\/v2\/pages\/8\/revisions\/1192"}],"wp:attachment":[{"href":"https:\/\/illustratific.com\/index.php\/wp-json\/wp\/v2\/media?parent=8"}],"curies":[{"name":"wp","href":"https:\/\/api.w.org\/{rel}","templated":true}]}}