{"id":519,"date":"2023-01-24T16:35:38","date_gmt":"2023-01-24T15:35:38","guid":{"rendered":"https:\/\/illustratific.com\/?page_id=519"},"modified":"2025-02-21T22:02:04","modified_gmt":"2025-02-21T21:02:04","slug":"infographies-et-illustrations","status":"publish","type":"page","link":"https:\/\/illustratific.com\/index.php\/infographie-illustrations\/infographies-et-illustrations\/","title":{"rendered":"Infographies et Illustrations"},"content":{"rendered":"\r\n<div class=\"wp-block-media-text is-stacked-on-mobile\">\r\n<figure class=\"wp-block-media-text__media\"><a href=\"https:\/\/illustratific.com\/index.php\/infographie-illustrations\/infographies-et-illustrations\/cpic-15-siena\/\"><img loading=\"lazy\" decoding=\"async\" width=\"724\" height=\"724\" class=\"wp-image-1564 size-full\" src=\"https:\/\/illustratific.com\/wp-content\/uploads\/2025\/02\/Intro.png\" alt=\"\" srcset=\"https:\/\/illustratific.com\/wp-content\/uploads\/2025\/02\/Intro.png 724w, https:\/\/illustratific.com\/wp-content\/uploads\/2025\/02\/Intro-300x300.png 300w, https:\/\/illustratific.com\/wp-content\/uploads\/2025\/02\/Intro-150x150.png 150w, https:\/\/illustratific.com\/wp-content\/uploads\/2025\/02\/Intro-100x100.png 100w\" sizes=\"auto, (max-width: 724px) 100vw, 724px\" \/><\/a><\/figure>\r\n<div class=\"wp-block-media-text__content\">\r\n<p><span style=\"font-size: 18pt;\"><strong><u><a title=\"\" href=\"https:\/\/illustratific.com\/index.php\/infographie-illustrations\/infographies-et-illustrations\/cpic-15-siena\/\">CPiC 15 &#8211; Sienne\u00a0<\/a><\/u><\/strong><\/span><\/p>\r\n\r\n\r\n\r\n<p style=\"text-align: justify;\"><span style=\"font-size: 14pt;\">Trente dessins r\u00e9alis\u00e9s lors du symposium CPiC 15 (Computing Pi Conjugated compounds) \u00e0 Sienne (7-8 f\u00e9vrier, 2025) dans la magnifique Aula Cripta, San Fransceco.<\/span><\/p>\r\n<\/div>\r\n<\/div>\r\n\r\n\r\n\r\n<div class=\"wp-block-media-text has-media-on-the-right is-stacked-on-mobile\">\r\n<div class=\"wp-block-media-text__content\">\r\n<p><a href=\"https:\/\/illustratific.com\/index.php\/infographie-illustrations\/infographies-et-illustrations\/rencontres-avec-des-chercheuses\/\"><span style=\"font-size: 18pt;\"><strong>Rencontre avec des Chercheuses<\/strong><\/span><\/a><\/p>\r\n\r\n\r\n\r\n<p style=\"text-align: justify;\"><span style=\"font-size: 14pt;\">L\u2019exposition \u00ab\u00a0Rencontre avec des chercheuses\u00a0\u00bb a regroup\u00e9 9 portraits de femmes de l\u2019Universit\u00e9 de Limoges. J\u2019ai rencontr\u00e9 chacune d\u2019elle pour \u00e9changer sur leur parcours et ainsi dress\u00e9 un portrait graphique. Les illustrations ont \u00e9t\u00e9 imprim\u00e9es sur kak\u00e9mono de 2 m de haut. L\u2019exposition circule dans les \u00e9tablissements scolaires et vise \u00e0 promouvoir les m\u00e9tiers de la Science aupr\u00e8s des jeunes femmes.<\/span><\/p>\r\n<p><\/p>\r\n<\/div>\r\n<figure class=\"wp-block-media-text__media\"><a href=\"https:\/\/illustratific.com\/index.php\/infographie-illustrations\/infographies-et-illustrations\/rencontres-avec-des-chercheuses\/\"><img loading=\"lazy\" decoding=\"async\" width=\"2048\" height=\"2048\" class=\"wp-image-1303 size-full\" src=\"https:\/\/illustratific.com\/wp-content\/uploads\/2024\/03\/Carre.jpg\" alt=\"\" srcset=\"https:\/\/illustratific.com\/wp-content\/uploads\/2024\/03\/Carre.jpg 2048w, https:\/\/illustratific.com\/wp-content\/uploads\/2024\/03\/Carre-300x300.jpg 300w, https:\/\/illustratific.com\/wp-content\/uploads\/2024\/03\/Carre-1024x1024.jpg 1024w, https:\/\/illustratific.com\/wp-content\/uploads\/2024\/03\/Carre-150x150.jpg 150w, https:\/\/illustratific.com\/wp-content\/uploads\/2024\/03\/Carre-768x768.jpg 768w, https:\/\/illustratific.com\/wp-content\/uploads\/2024\/03\/Carre-1536x1536.jpg 1536w, https:\/\/illustratific.com\/wp-content\/uploads\/2024\/03\/Carre-100x100.jpg 100w\" sizes=\"auto, (max-width: 767px) 89vw, (max-width: 1000px) 54vw, (max-width: 1071px) 543px, 580px\" \/><\/a><\/figure>\r\n<\/div>\r\n\r\n\r\n\r\n<div class=\"wp-block-media-text alignwide is-stacked-on-mobile\">\r\n<figure class=\"wp-block-media-text__media\"><a href=\"https:\/\/illustratific.com\/index.php\/infographie-illustrations\/infographies-et-illustrations\/polythea-eu\/\"><img loading=\"lazy\" decoding=\"async\" width=\"1024\" height=\"1024\" class=\"wp-image-759 size-full\" src=\"https:\/\/illustratific.com\/wp-content\/uploads\/2023\/04\/35DA89E8-21E6-435C-8B37-AC11612E8338-1024x1024.jpeg\" alt=\"\" srcset=\"https:\/\/illustratific.com\/wp-content\/uploads\/2023\/04\/35DA89E8-21E6-435C-8B37-AC11612E8338-1024x1024.jpeg 1024w, https:\/\/illustratific.com\/wp-content\/uploads\/2023\/04\/35DA89E8-21E6-435C-8B37-AC11612E8338-300x300.jpeg 300w, https:\/\/illustratific.com\/wp-content\/uploads\/2023\/04\/35DA89E8-21E6-435C-8B37-AC11612E8338-150x150.jpeg 150w, https:\/\/illustratific.com\/wp-content\/uploads\/2023\/04\/35DA89E8-21E6-435C-8B37-AC11612E8338-768x768.jpeg 768w, https:\/\/illustratific.com\/wp-content\/uploads\/2023\/04\/35DA89E8-21E6-435C-8B37-AC11612E8338-1536x1536.jpeg 1536w, https:\/\/illustratific.com\/wp-content\/uploads\/2023\/04\/35DA89E8-21E6-435C-8B37-AC11612E8338-2048x2048.jpeg 2048w, https:\/\/illustratific.com\/wp-content\/uploads\/2023\/04\/35DA89E8-21E6-435C-8B37-AC11612E8338-100x100.jpeg 100w\" sizes=\"auto, (max-width: 767px) 89vw, (max-width: 1000px) 54vw, (max-width: 1071px) 543px, 580px\" \/><\/a><\/figure>\r\n<div class=\"wp-block-media-text__content\">\r\n<p><span style=\"font-size: 18pt;\"><strong><a title=\"\" href=\"https:\/\/illustratific.com\/index.php\/infographie-illustrations\/infographies-et-illustrations\/polythea-eu\/\">Projet Europ\u00e9en PolyThea<\/a><\/strong><\/span><\/p>\r\n\r\n\r\n\r\n<p style=\"text-align: justify;\"><span style=\"font-size: 14pt;\">Polythea ou \u00ab Comment la lumi\u00e8re peut sauver des vies \u00bb est un projet\u00a0 Europ\u00e9en de type Marie Curie Innovative Training Network. Bas\u00e9 sur un consortium constitu\u00e9 de 7 universit\u00e9s, 4 partenaires industriels et 1 institut de recherche, le projet vise \u00e0 d\u00e9velopper de nouveaux compos\u00e9s actifs capables de lutter efficacement contre les infections microbiennes et le cancer. Ces deux d\u00e9fis majeurs, pour la s\u00e9curit\u00e9 alimentaire et la sant\u00e9 humaine, ont \u00e9t\u00e9 abord\u00e9s \u00e0 travers la synth\u00e8se et la caract\u00e9risation de vecteurs de m\u00e9dicaments bio-inspir\u00e9s et innovants. Au sein d&rsquo;un programme de formation pluridisciplinaire et intersectoriel, 10 doctorants travaill\u00e9 d\u2019arrache-pied et ont pu d\u00e9velopper leurs comp\u00e9tences et leurs projets professionnels. Cette bande dessin\u00e9e raconte et illustre leur histoire ; elle donne un aper\u00e7u rapide de ce que peut \u00eatre un projet de recherche europ\u00e9en\u2026 une aventure europ\u00e9enne.<\/span><\/p>\r\n<p><\/p>\r\n<\/div>\r\n<\/div>\r\n\r\n\r\n\r\n<div class=\"wp-block-media-text alignwide has-media-on-the-right is-stacked-on-mobile\">\r\n<div class=\"wp-block-media-text__content\">\r\n<p><a href=\"https:\/\/illustratific.com\/index.php\/infographie-illustrations\/infographies-et-illustrations\/one-health\/\"><span style=\"font-size: 18pt;\"><strong>One Health<\/strong><\/span><\/a><\/p>\r\n\r\n\r\n\r\n<p style=\"text-align: justify;\"><span style=\"font-size: 14pt;\">Cette illustration a \u00e9t\u00e9 r\u00e9alis\u00e9e pour ERENA (Espace de R\u00e9flexion \u00c9thique de Nouvelle-Aquitaine). Elle illustre le principe One Health, une seule sant\u00e9, qui explique qu\u2019il faut s\u2019int\u00e9resser \u00e0 la sant\u00e9 humaine, \u00e0 la sant\u00e9 animal et \u00e0 la sant\u00e9 de notre plan\u00e8te. Les trois probl\u00e9matiques, on le sait, ne sont pas ind\u00e9pendantes les unes des autres et il faut s\u2019y int\u00e9resser de fa\u00e7on coh\u00e9rente.\u00a0<\/span><\/p>\r\n<p><\/p>\r\n<\/div>\r\n<figure class=\"wp-block-media-text__media\"><a href=\"https:\/\/illustratific.com\/index.php\/infographie-illustrations\/infographies-et-illustrations\/one-health\/\"><img loading=\"lazy\" decoding=\"async\" width=\"2048\" height=\"2048\" class=\"wp-image-763 size-full\" src=\"https:\/\/illustratific.com\/wp-content\/uploads\/2023\/04\/A2A1CDAB-2189-408E-B6C4-96ABA1E656C7.jpeg\" alt=\"\" srcset=\"https:\/\/illustratific.com\/wp-content\/uploads\/2023\/04\/A2A1CDAB-2189-408E-B6C4-96ABA1E656C7.jpeg 2048w, https:\/\/illustratific.com\/wp-content\/uploads\/2023\/04\/A2A1CDAB-2189-408E-B6C4-96ABA1E656C7-300x300.jpeg 300w, https:\/\/illustratific.com\/wp-content\/uploads\/2023\/04\/A2A1CDAB-2189-408E-B6C4-96ABA1E656C7-1024x1024.jpeg 1024w, https:\/\/illustratific.com\/wp-content\/uploads\/2023\/04\/A2A1CDAB-2189-408E-B6C4-96ABA1E656C7-150x150.jpeg 150w, https:\/\/illustratific.com\/wp-content\/uploads\/2023\/04\/A2A1CDAB-2189-408E-B6C4-96ABA1E656C7-768x768.jpeg 768w, https:\/\/illustratific.com\/wp-content\/uploads\/2023\/04\/A2A1CDAB-2189-408E-B6C4-96ABA1E656C7-1536x1536.jpeg 1536w, https:\/\/illustratific.com\/wp-content\/uploads\/2023\/04\/A2A1CDAB-2189-408E-B6C4-96ABA1E656C7-100x100.jpeg 100w\" sizes=\"auto, (max-width: 767px) 89vw, (max-width: 1000px) 54vw, (max-width: 1071px) 543px, 580px\" \/><\/a><\/figure>\r\n<\/div>\r\n\r\n\r\n\r\n<div class=\"wp-block-media-text alignwide is-stacked-on-mobile\">\r\n<figure class=\"wp-block-media-text__media\"><a href=\"https:\/\/illustratific.com\/index.php\/infographie-illustrations\/infographies-et-illustrations\/le-voyage-moleculaire\/\"><img loading=\"lazy\" decoding=\"async\" width=\"1024\" height=\"1024\" class=\"wp-image-762 size-full\" src=\"https:\/\/illustratific.com\/wp-content\/uploads\/2023\/04\/973A3AF5-8E6D-4408-AB38-86DCFC85A5BF-1024x1024.jpeg\" alt=\"\" srcset=\"https:\/\/illustratific.com\/wp-content\/uploads\/2023\/04\/973A3AF5-8E6D-4408-AB38-86DCFC85A5BF-1024x1024.jpeg 1024w, https:\/\/illustratific.com\/wp-content\/uploads\/2023\/04\/973A3AF5-8E6D-4408-AB38-86DCFC85A5BF-300x300.jpeg 300w, https:\/\/illustratific.com\/wp-content\/uploads\/2023\/04\/973A3AF5-8E6D-4408-AB38-86DCFC85A5BF-150x150.jpeg 150w, https:\/\/illustratific.com\/wp-content\/uploads\/2023\/04\/973A3AF5-8E6D-4408-AB38-86DCFC85A5BF-768x768.jpeg 768w, https:\/\/illustratific.com\/wp-content\/uploads\/2023\/04\/973A3AF5-8E6D-4408-AB38-86DCFC85A5BF-1536x1536.jpeg 1536w, https:\/\/illustratific.com\/wp-content\/uploads\/2023\/04\/973A3AF5-8E6D-4408-AB38-86DCFC85A5BF-2048x2048.jpeg 2048w, https:\/\/illustratific.com\/wp-content\/uploads\/2023\/04\/973A3AF5-8E6D-4408-AB38-86DCFC85A5BF-100x100.jpeg 100w\" sizes=\"auto, (max-width: 767px) 89vw, (max-width: 1000px) 54vw, (max-width: 1071px) 543px, 580px\" \/><\/a><\/figure>\r\n<div class=\"wp-block-media-text__content\">\r\n<p><a href=\"https:\/\/illustratific.com\/index.php\/infographie-illustrations\/infographies-et-illustrations\/le-voyage-moleculaire\/\"><span style=\"font-size: 18pt;\"><strong>Le voyage mol\u00e9culaire<\/strong><\/span><\/a><\/p>\r\n\r\n\r\n\r\n<p style=\"text-align: justify;\"><span style=\"font-size: 14pt;\">Ce kak\u00e9mono a \u00e9t\u00e9 r\u00e9alis\u00e9 pour Le Voyage Mol\u00e9culaire, une action de vulgarisation scientifique qui se d\u00e9placera dans les \u00e9coles, coll\u00e8ges, lyc\u00e9es et f\u00eates de la Science pour plonger les visiteurs dans un voyage au c\u0153ur des mol\u00e9cules (cf plus loin dans ce site).\u00a0<\/span><\/p>\r\n<p><\/p>\r\n<\/div>\r\n<\/div>\r\n\r\n\r\n\r\n<div class=\"wp-block-media-text alignwide has-media-on-the-right is-stacked-on-mobile\">\r\n<div class=\"wp-block-media-text__content\">\r\n<p><span style=\"font-size: 18pt;\"><strong><a title=\"\" href=\"https:\/\/illustratific.com\/index.php\/infographie-illustrations\/infographies-et-illustrations\/insilibio\/\">Insilibio<\/a><\/strong><\/span><\/p>\r\n\r\n\r\n\r\n<p style=\"text-align: justify;\"><span style=\"font-size: 14pt;\">Ce kak\u00e9mono a \u00e9t\u00e9 r\u00e9alis\u00e9 pour InSiliBio, une start-up issue des activit\u00e9 de recherche de Patrick Trouillas, dirig\u00e9e par Maxime Jouaud et dont le directeur scientifique est Benjamin Chantemargue. Cette compagnie propose des simulations de mod\u00e9lisation mol\u00e9culaire (dynamique mol\u00e9culaire, chimie quantique) pour r\u00e9pondre, \u00e0 l\u2019\u00e9chelle de la mol\u00e9cule, \u00e0 des probl\u00e9matiques issues des industries pharmaceutiques, cosm\u00e9tiques et agro-alimentaires. L\u2019\u00e9quipe utilise des m\u00e9thodes <em>in silico<\/em> pour comprendre les m\u00e9canismes d\u2019action des mol\u00e9cules, les interactions entre mol\u00e9cules et les interactions de ces mol\u00e9cules avec des environnements biologiques (par ex. membranes cellulaires, membranes de peau, solvants). Visiter le site\u00a0: <a href=\"https:\/\/www.insilibio.com\">https:\/\/www.insilibio.com<\/a>.<\/span><\/p>\r\n<p><\/p>\r\n<\/div>\r\n<figure class=\"wp-block-media-text__media\"><a href=\"https:\/\/illustratific.com\/index.php\/infographie-illustrations\/infographies-et-illustrations\/insilibio\/\"><img loading=\"lazy\" decoding=\"async\" width=\"2560\" height=\"2560\" class=\"wp-image-760 size-full\" src=\"https:\/\/illustratific.com\/wp-content\/uploads\/2023\/04\/37BD51DC-78CC-4D65-96A0-76A87BB7064C-scaled.jpeg\" alt=\"\" srcset=\"https:\/\/illustratific.com\/wp-content\/uploads\/2023\/04\/37BD51DC-78CC-4D65-96A0-76A87BB7064C-scaled.jpeg 2560w, https:\/\/illustratific.com\/wp-content\/uploads\/2023\/04\/37BD51DC-78CC-4D65-96A0-76A87BB7064C-300x300.jpeg 300w, https:\/\/illustratific.com\/wp-content\/uploads\/2023\/04\/37BD51DC-78CC-4D65-96A0-76A87BB7064C-1024x1024.jpeg 1024w, https:\/\/illustratific.com\/wp-content\/uploads\/2023\/04\/37BD51DC-78CC-4D65-96A0-76A87BB7064C-150x150.jpeg 150w, https:\/\/illustratific.com\/wp-content\/uploads\/2023\/04\/37BD51DC-78CC-4D65-96A0-76A87BB7064C-768x768.jpeg 768w, https:\/\/illustratific.com\/wp-content\/uploads\/2023\/04\/37BD51DC-78CC-4D65-96A0-76A87BB7064C-1536x1536.jpeg 1536w, https:\/\/illustratific.com\/wp-content\/uploads\/2023\/04\/37BD51DC-78CC-4D65-96A0-76A87BB7064C-2048x2048.jpeg 2048w, https:\/\/illustratific.com\/wp-content\/uploads\/2023\/04\/37BD51DC-78CC-4D65-96A0-76A87BB7064C-100x100.jpeg 100w\" sizes=\"auto, (max-width: 767px) 89vw, (max-width: 1000px) 54vw, (max-width: 1071px) 543px, 580px\" \/><\/a><\/figure>\r\n<\/div>\r\n\r\n\r\n\r\n<div class=\"wp-block-media-text alignwide is-stacked-on-mobile\">\r\n<figure class=\"wp-block-media-text__media\"><a href=\"https:\/\/illustratific.com\/index.php\/infographie-illustrations\/infographies-et-illustrations\/scientibus\/\"><img loading=\"lazy\" decoding=\"async\" width=\"2048\" height=\"2048\" class=\"wp-image-765 size-full\" src=\"https:\/\/illustratific.com\/wp-content\/uploads\/2023\/04\/E95EA8AE-2B6F-4BCE-A957-0DD29DEFB378.jpeg\" alt=\"\" srcset=\"https:\/\/illustratific.com\/wp-content\/uploads\/2023\/04\/E95EA8AE-2B6F-4BCE-A957-0DD29DEFB378.jpeg 2048w, https:\/\/illustratific.com\/wp-content\/uploads\/2023\/04\/E95EA8AE-2B6F-4BCE-A957-0DD29DEFB378-300x300.jpeg 300w, https:\/\/illustratific.com\/wp-content\/uploads\/2023\/04\/E95EA8AE-2B6F-4BCE-A957-0DD29DEFB378-1024x1024.jpeg 1024w, https:\/\/illustratific.com\/wp-content\/uploads\/2023\/04\/E95EA8AE-2B6F-4BCE-A957-0DD29DEFB378-150x150.jpeg 150w, https:\/\/illustratific.com\/wp-content\/uploads\/2023\/04\/E95EA8AE-2B6F-4BCE-A957-0DD29DEFB378-768x768.jpeg 768w, https:\/\/illustratific.com\/wp-content\/uploads\/2023\/04\/E95EA8AE-2B6F-4BCE-A957-0DD29DEFB378-1536x1536.jpeg 1536w, https:\/\/illustratific.com\/wp-content\/uploads\/2023\/04\/E95EA8AE-2B6F-4BCE-A957-0DD29DEFB378-100x100.jpeg 100w\" sizes=\"auto, (max-width: 767px) 89vw, (max-width: 1000px) 54vw, (max-width: 1071px) 543px, 580px\" \/><\/a><\/figure>\r\n<div class=\"wp-block-media-text__content\">\r\n<p><a href=\"https:\/\/illustratific.com\/index.php\/infographie-illustrations\/infographies-et-illustrations\/scientibus\/\"><strong><span style=\"font-size: 18pt;\">Scientibus<\/span><\/strong><\/a><\/p>\r\n\r\n\r\n\r\n<p style=\"text-align: justify;\"><span style=\"font-size: 14pt;\">Cette illustration a \u00e9t\u00e9 r\u00e9alis\u00e9 pour le Scientibus. Il s\u2019agit d\u2019un bus qui sillonne la r\u00e9gion Nouvelle-Aquitaine dans les \u00e9coles, coll\u00e8ges, lyc\u00e9es, f\u00eates de la Science. Il renferme plus de 40 exp\u00e9riences scientifiques aussi impressionnantes les unes que les autres (train \u00e0 l\u00e9vitation magn\u00e9tique, chambre \u00e0 brouillard, gouttes marcheuses, sph\u00e8res \u00e0 plasma, fibres optiques, azote liquide, liqu\u00e9faction de l\u2019oxyg\u00e8ne, effets stroboscopiques\u2026). Il accueille, chaque ann\u00e9e, des centaines de visiteurs qui ressortent combl\u00e9s et amoureux des sciences. Visiter le site\u00a0: <a href=\"https:\/\/scientibus.unilim.fr\/\">https:\/\/scientibus.unilim.fr\/<\/a>.<\/span><\/p>\r\n<p><\/p>\r\n<\/div>\r\n<\/div>\r\n","protected":false},"excerpt":{"rendered":"<p>CPiC 15 &#8211; Sienne\u00a0 Trente dessins r\u00e9alis\u00e9s lors du symposium CPiC 15 (Computing Pi Conjugated compounds) \u00e0 Sienne (7-8 f\u00e9vrier, 2025) dans la magnifique Aula Cripta, San Fransceco. Rencontre avec des Chercheuses L\u2019exposition \u00ab\u00a0Rencontre avec des chercheuses\u00a0\u00bb a regroup\u00e9 9 portraits de femmes de l\u2019Universit\u00e9 de Limoges. J\u2019ai rencontr\u00e9 chacune d\u2019elle pour \u00e9changer sur leur &hellip; <\/p>\n<p class=\"link-more\"><a href=\"https:\/\/illustratific.com\/index.php\/infographie-illustrations\/infographies-et-illustrations\/\" class=\"more-link\">Continuer la lecture<span class=\"screen-reader-text\"> de &laquo;&nbsp;Infographies et Illustrations&nbsp;&raquo;<\/span><\/a><\/p>\n","protected":false},"author":2,"featured_media":0,"parent":143,"menu_order":0,"comment_status":"closed","ping_status":"closed","template":"","meta":{"footnotes":""},"class_list":["post-519","page","type-page","status-publish","hentry"],"aioseo_notices":[],"_links":{"self":[{"href":"https:\/\/illustratific.com\/index.php\/wp-json\/wp\/v2\/pages\/519","targetHints":{"allow":["GET"]}}],"collection":[{"href":"https:\/\/illustratific.com\/index.php\/wp-json\/wp\/v2\/pages"}],"about":[{"href":"https:\/\/illustratific.com\/index.php\/wp-json\/wp\/v2\/types\/page"}],"author":[{"embeddable":true,"href":"https:\/\/illustratific.com\/index.php\/wp-json\/wp\/v2\/users\/2"}],"replies":[{"embeddable":true,"href":"https:\/\/illustratific.com\/index.php\/wp-json\/wp\/v2\/comments?post=519"}],"version-history":[{"count":29,"href":"https:\/\/illustratific.com\/index.php\/wp-json\/wp\/v2\/pages\/519\/revisions"}],"predecessor-version":[{"id":1591,"href":"https:\/\/illustratific.com\/index.php\/wp-json\/wp\/v2\/pages\/519\/revisions\/1591"}],"up":[{"embeddable":true,"href":"https:\/\/illustratific.com\/index.php\/wp-json\/wp\/v2\/pages\/143"}],"wp:attachment":[{"href":"https:\/\/illustratific.com\/index.php\/wp-json\/wp\/v2\/media?parent=519"}],"curies":[{"name":"wp","href":"https:\/\/api.w.org\/{rel}","templated":true}]}}