{"id":515,"date":"2023-01-24T16:32:42","date_gmt":"2023-01-24T15:32:42","guid":{"rendered":"https:\/\/illustratific.com\/?page_id=515"},"modified":"2023-04-17T19:48:55","modified_gmt":"2023-04-17T17:48:55","slug":"voyage-moleculaire","status":"publish","type":"page","link":"https:\/\/illustratific.com\/index.php\/le-voyage-moleculaire\/voyage-moleculaire\/","title":{"rendered":"Voyage Mol\u00e9culaire"},"content":{"rendered":"<p style=\"text-align: justify;\"><span style=\"font-size: 14pt;\">Le Voyage Mol\u00e9culaire est une action de vulgarisation scientifique qui se d\u00e9placera dans les \u00e9coles, coll\u00e8ges, lyc\u00e9es et f\u00eates de la Science pour plonger les visiteurs dans un voyage au c\u0153ur des mol\u00e9cules et des interactions mol\u00e9culaires. Quatre ateliers sont propos\u00e9s, selon l\u2019\u00e2ge, et anim\u00e9s par les membres de notre \u00e9quipe d\u2019enseignants-chercheurs et d\u2019ing\u00e9nieurs de l\u2019Universit\u00e9 de Limoges (Facult\u00e9 de Pharmacie) et de chercheurs de la startup InSiliBio (Mehdi Benmameri, Claude Calliste, Benjamin Chantemargue, Gabin Fabre, Maxime Jouaud, Aline Pinon et Patrick Trouillas). <\/span><\/p>\n<p style=\"text-align: justify;\"><span style=\"font-size: 14pt;\"><b>Atelier #1<\/b>\u00a0: Construction de mol\u00e9cules \u00e0 l\u2019aide d\u2019atomes et de liaisons en plastique et en suivant des sch\u00e9mas de structures chimiques vari\u00e9es (mol\u00e9cule de sucre, caff\u00e9ine pr\u00e9sente dans le caf\u00e9, curcumine pr\u00e9sente dans l\u2019\u00e9pice le curcuma\u2026). La r\u00e9alisation de ces v\u00e9ritables puzzles 3D ravira les chimistes en herbe de 7 \u00e0 77 ans.<\/span><\/p>\n<p style=\"text-align: justify;\"><img loading=\"lazy\" decoding=\"async\" class=\"aligncenter wp-image-957 size-large\" src=\"https:\/\/illustratific.com\/wp-content\/uploads\/2023\/04\/VM1-1024x316.jpg\" alt=\"\" width=\"1024\" height=\"316\" srcset=\"https:\/\/illustratific.com\/wp-content\/uploads\/2023\/04\/VM1-1024x316.jpg 1024w, https:\/\/illustratific.com\/wp-content\/uploads\/2023\/04\/VM1-300x93.jpg 300w, https:\/\/illustratific.com\/wp-content\/uploads\/2023\/04\/VM1-768x237.jpg 768w, https:\/\/illustratific.com\/wp-content\/uploads\/2023\/04\/VM1.jpg 1053w\" sizes=\"auto, (max-width: 767px) 89vw, (max-width: 1000px) 54vw, (max-width: 1071px) 543px, 580px\" \/><\/p>\n<p style=\"text-align: justify;\"><span style=\"font-size: 14pt;\"><b>Atelier #2<\/b>\u00a0: Jeu de piste \u00e0 travers des mol\u00e9cules qui nous entourent. Vous devrez identifier des caract\u00e9ristiques atomiques de diff\u00e9rentes mol\u00e9cules possiblement cach\u00e9es au sein de gros assemblages mol\u00e9culaires tels que des prot\u00e9ines. Vous pourrez naviguer sur des \u00e9crans d\u2019ordinateurs ou de tablettes graphiques en utilisant des outils de visualisation de mol\u00e9cules.<\/span><\/p>\n<p style=\"text-align: justify;\"><span style=\"font-size: 14pt;\"><img loading=\"lazy\" decoding=\"async\" class=\"aligncenter wp-image-955 size-full\" src=\"https:\/\/illustratific.com\/wp-content\/uploads\/2023\/04\/VM2.jpg\" alt=\"\" width=\"606\" height=\"402\" srcset=\"https:\/\/illustratific.com\/wp-content\/uploads\/2023\/04\/VM2.jpg 606w, https:\/\/illustratific.com\/wp-content\/uploads\/2023\/04\/VM2-300x199.jpg 300w\" sizes=\"auto, (max-width: 606px) 100vw, 606px\" \/><\/span><\/p>\n<p style=\"text-align: justify;\"><span style=\"font-size: 14pt;\"><b>Atelier #3<\/b>\u00a0: Vous serez invit\u00e9s \u00e0 entrer dans un laboratoire virtuel \u00e0 l\u2019aide d\u2019un casque de r\u00e9alit\u00e9 virtuel. Vous pourriez alors vous d\u00e9placer (virtuellement) dans une salle et attraper diff\u00e9rentes mol\u00e9cules pr\u00e9sentes dans les fruits, les l\u00e9gumes, les fleurs, le bois, le corps humain, les mat\u00e9riaux, des mol\u00e9cules du go\u00fbt, de l\u2019odorat, des m\u00e9dicaments, des polluants\u2026 Cette activit\u00e9 tr\u00e8s ludique vous permettra d\u2019appr\u00e9hender, par la manipulation virtuelle, l\u2019infini diversit\u00e9 du monde des mol\u00e9cules qui nous entoure.<\/span><\/p>\n<p style=\"text-align: justify;\"><span style=\"font-size: 14pt;\"><img loading=\"lazy\" decoding=\"async\" class=\"aligncenter wp-image-956 size-large\" src=\"https:\/\/illustratific.com\/wp-content\/uploads\/2023\/04\/VM3-1024x286.jpg\" alt=\"\" width=\"1024\" height=\"286\" srcset=\"https:\/\/illustratific.com\/wp-content\/uploads\/2023\/04\/VM3-1024x286.jpg 1024w, https:\/\/illustratific.com\/wp-content\/uploads\/2023\/04\/VM3-300x84.jpg 300w, https:\/\/illustratific.com\/wp-content\/uploads\/2023\/04\/VM3-768x214.jpg 768w, https:\/\/illustratific.com\/wp-content\/uploads\/2023\/04\/VM3.jpg 1322w\" sizes=\"auto, (max-width: 767px) 89vw, (max-width: 1000px) 54vw, (max-width: 1071px) 543px, 580px\" \/><\/span><\/p>\n<p style=\"text-align: justify;\"><span style=\"font-size: 14pt;\"><b>Atelier #4<\/b>\u00a0: Accompagn\u00e9 par un scientifique vous p\u00e9n\u00e8trerez dans les recoins atomiques d\u2019une prot\u00e9ine. Cette visualisation de r\u00e9alit\u00e9 virtuelle vous permettra de comprendre les interactions mol\u00e9culaires \u00e0 l\u2019origine de processus biologiques complexes.<\/span><\/p>\n","protected":false},"excerpt":{"rendered":"<p>Le Voyage Mol\u00e9culaire est une action de vulgarisation scientifique qui se d\u00e9placera dans les \u00e9coles, coll\u00e8ges, lyc\u00e9es et f\u00eates de la Science pour plonger les visiteurs dans un voyage au c\u0153ur des mol\u00e9cules et des interactions mol\u00e9culaires. Quatre ateliers sont propos\u00e9s, selon l\u2019\u00e2ge, et anim\u00e9s par les membres de notre \u00e9quipe d\u2019enseignants-chercheurs et d\u2019ing\u00e9nieurs de &hellip; <\/p>\n<p class=\"link-more\"><a href=\"https:\/\/illustratific.com\/index.php\/le-voyage-moleculaire\/voyage-moleculaire\/\" class=\"more-link\">Continuer la lecture<span class=\"screen-reader-text\"> de &laquo;&nbsp;Voyage Mol\u00e9culaire&nbsp;&raquo;<\/span><\/a><\/p>\n","protected":false},"author":2,"featured_media":0,"parent":147,"menu_order":0,"comment_status":"closed","ping_status":"closed","template":"","meta":{"footnotes":""},"class_list":["post-515","page","type-page","status-publish","hentry"],"aioseo_notices":[],"_links":{"self":[{"href":"https:\/\/illustratific.com\/index.php\/wp-json\/wp\/v2\/pages\/515","targetHints":{"allow":["GET"]}}],"collection":[{"href":"https:\/\/illustratific.com\/index.php\/wp-json\/wp\/v2\/pages"}],"about":[{"href":"https:\/\/illustratific.com\/index.php\/wp-json\/wp\/v2\/types\/page"}],"author":[{"embeddable":true,"href":"https:\/\/illustratific.com\/index.php\/wp-json\/wp\/v2\/users\/2"}],"replies":[{"embeddable":true,"href":"https:\/\/illustratific.com\/index.php\/wp-json\/wp\/v2\/comments?post=515"}],"version-history":[{"count":6,"href":"https:\/\/illustratific.com\/index.php\/wp-json\/wp\/v2\/pages\/515\/revisions"}],"predecessor-version":[{"id":994,"href":"https:\/\/illustratific.com\/index.php\/wp-json\/wp\/v2\/pages\/515\/revisions\/994"}],"up":[{"embeddable":true,"href":"https:\/\/illustratific.com\/index.php\/wp-json\/wp\/v2\/pages\/147"}],"wp:attachment":[{"href":"https:\/\/illustratific.com\/index.php\/wp-json\/wp\/v2\/media?parent=515"}],"curies":[{"name":"wp","href":"https:\/\/api.w.org\/{rel}","templated":true}]}}