{"id":506,"date":"2023-01-24T16:05:27","date_gmt":"2023-01-24T15:05:27","guid":{"rendered":"https:\/\/illustratific.com\/?page_id=506"},"modified":"2023-05-25T15:33:45","modified_gmt":"2023-05-25T13:33:45","slug":"painting-and-drawings","status":"publish","type":"page","link":"https:\/\/illustratific.com\/index.php\/en\/painting-drawing\/painting-and-drawings\/","title":{"rendered":"Painting and Drawings"},"content":{"rendered":"\n<style>\n\t#hotspot-661 .hotspots-image-container,\n\t#hotspot-661 .leaflet-container {\n\t\tbackground: #ffffff\t}\n\n\t#hotspot-661 .hotspots-placeholder {\n\t\tbackground: #ffffff;\n\t\tborder: 0 #ffffff solid;\n\t\tcolor: #000000;\n\t}\n\n\t#hotspot-661 .hotspot-title {\n\t\tcolor: #000000;\n\t}\n\n\t\t\t#hotspot-661 .hotspot-default {\n\t\t\tstroke-width: 3;\n\t\t\tfill: #ffffff;\n\t\t\tfill-opacity: 0;\n\t\t\tstroke: #ffffff;\n\t\t\tstroke-opacity: 0;\n\t\t}\n\t\t#hotspot-661 .hotspot-default:hover,\n\t\t#hotspot-661 .hotspot-default:focus-visible,\n\t\t#hotspot-661 .hotspot-default.hotspot-active {\n\t\t\tfill: #dd3333;\n\t\t\tfill-opacity: 0.61;\n\t\t\tstroke: #0a0000;\n\t\t\tstroke-opacity: 1.01;\n\t\t}\n\t\t#hotspot-661 .leaflet-tooltip,\n\t#hotspot-661 .leaflet-rrose-content-wrapper {\n\t\tbackground: #ffffff;\n\t\tborder-color: #ffffff;\n\t\tcolor: #000000;\n\t}\n\n\t#hotspot-661 a.leaflet-rrose-close-button {\n\t\tcolor: #000000;\n\t}\n\n\t#hotspot-661 .leaflet-rrose-tip {\n\t\tbackground: #ffffff;\n\t}\n\n\t#hotspot-661 .leaflet-popup-scrolled {\n\t\tborder-bottom-color: #000000;\n\t\tborder-top-color: #000000;\n\t}\n\n\t#hotspot-661 .leaflet-tooltip-top:before {\n\t\tborder-top-color: #ffffff;\n\t}\n\n\t#hotspot-661 .leaflet-tooltip-bottom:before {\n\t\tborder-bottom-color: #ffffff;\n\t}\n\t#hotspot-661 .leaflet-tooltip-left:before {\n\t\tborder-left-color: #ffffff;\n\t}\n\t#hotspot-661 .leaflet-tooltip-right:before {\n\t\tborder-right-color: #ffffff;\n\t}\n<\/style>\n\n\t\n\t<div class=\"hotspots-container links-only layout-left event-click\" id=\"hotspot-661\" data-layout=\"left\" data-trigger=\"click\">\n\t\t<div class=\"hotspots-interaction\">\n\t\t\t<div class=\"hotspots-image-container\">\n\t<img\n\t\twidth=\"2560\"\n\t\theight=\"875\"\n\t\tsrc=\"https:\/\/illustratific.com\/wp-content\/uploads\/2023\/05\/440C7E39-2701-436C-AB43-A72165EC590F-scaled.jpeg\"\n\t\talt=\"Parcourez la galerie pour d\u00e9couvrir les diff\u00e9rentes cr\u00e9ations\"\n\t\tclass=\"hotspots-image skip-lazy\"\n\t\tusemap=\"#hotspots-image-661\"\n\t\tdata-image-title=\"Parcourez la galerie pour d\u00e9couvrir les diff\u00e9rentes cr\u00e9ations\"\n\t\tdata-image-description=\"\"\n\t\tdata-event-trigger=\"click\"\n\t\tdata-always-visible=\"false\"\n\t\tdata-id=\"661\"\n\t\tdata-no-lazy=\"1\"\n\t\tdata-lazy-src=\"\"\n\t\tdata-lazy=\"false\"\n\t\tloading=\"eager\"\n\t\tdata-skip-lazy=\"1\"\n\t\t>\n<\/div>\t\t<\/div>\n\t\t<map name=\"hotspots-image-661\" class=\"hotspots-map\">\n\t\t\t\t\t\t\t\t\t\t\t<area\n\t\t\t\t\tshape=\"polygon\"\n\t\t\t\t\tcoords=\"1534,163,1898,167,1898,349,1534,351\"\n\t\t\t\t\thref=\"https:\/\/illustratific.com\/index.php\/peintures-dessins\/peintures-dessins\/peintures-a-lhuile\/\"\n\t\t\t\t\trel=\"\"\n\t\t\t\t\ttitle=\"\"\n\t\t\t\t\talt=\"\"\n\t\t\t\t\tdata-action=\"url\"\n\t\t\t\t\tdata-color-scheme=\"\"\n\t\t\t\t\ttarget=\"\"\n\t\t\t\t\tclass=\"url-area\"\n\t\t\t\t\t>\n\t\t\t\t\t\t\t\t\t\t\t<area\n\t\t\t\t\tshape=\"polygon\"\n\t\t\t\t\tcoords=\"860,157,1036,159,1036,311,854,309\"\n\t\t\t\t\thref=\"https:\/\/illustratific.com\/index.php\/peintures-dessins\/peintures-dessins\/modele-vivant\/\"\n\t\t\t\t\trel=\"\"\n\t\t\t\t\ttitle=\"\"\n\t\t\t\t\talt=\"\"\n\t\t\t\t\tdata-action=\"url\"\n\t\t\t\t\tdata-color-scheme=\"\"\n\t\t\t\t\ttarget=\"\"\n\t\t\t\t\tclass=\"url-area\"\n\t\t\t\t\t>\n\t\t\t\t\t\t\t\t\t\t\t<area\n\t\t\t\t\tshape=\"polygon\"\n\t\t\t\t\tcoords=\"1328,109,1504,113,1504,243,1328,241\"\n\t\t\t\t\thref=\"https:\/\/illustratific.com\/index.php\/peintures-dessins\/peintures-dessins\/carnets-de-voyage\/\"\n\t\t\t\t\trel=\"\"\n\t\t\t\t\ttitle=\"\"\n\t\t\t\t\talt=\"\"\n\t\t\t\t\tdata-action=\"url\"\n\t\t\t\t\tdata-color-scheme=\"\"\n\t\t\t\t\ttarget=\"\"\n\t\t\t\t\tclass=\"url-area\"\n\t\t\t\t\t>\n\t\t\t\t\t\t\t\t\t\t\t<area\n\t\t\t\t\tshape=\"polygon\"\n\t\t\t\t\tcoords=\"1950,143,2078,143,2078,313,1950,311\"\n\t\t\t\t\thref=\"https:\/\/illustratific.com\/index.php\/peintures-dessins\/peintures-dessins\/dessins-danimaux\/\"\n\t\t\t\t\trel=\"\"\n\t\t\t\t\ttitle=\"\"\n\t\t\t\t\talt=\"\"\n\t\t\t\t\tdata-action=\"url\"\n\t\t\t\t\tdata-color-scheme=\"\"\n\t\t\t\t\ttarget=\"\"\n\t\t\t\t\tclass=\"url-area\"\n\t\t\t\t\t>\n\t\t\t\t\t<\/map>\n\n\t\t\n\t\t\t\t\t\t\t\t\t\t\t\t\t\t\t<\/div>\n\n\n","protected":false},"excerpt":{"rendered":"","protected":false},"author":2,"featured_media":0,"parent":240,"menu_order":0,"comment_status":"closed","ping_status":"closed","template":"","meta":{"footnotes":""},"class_list":["post-506","page","type-page","status-publish","hentry"],"aioseo_notices":[],"_links":{"self":[{"href":"https:\/\/illustratific.com\/index.php\/wp-json\/wp\/v2\/pages\/506","targetHints":{"allow":["GET"]}}],"collection":[{"href":"https:\/\/illustratific.com\/index.php\/wp-json\/wp\/v2\/pages"}],"about":[{"href":"https:\/\/illustratific.com\/index.php\/wp-json\/wp\/v2\/types\/page"}],"author":[{"embeddable":true,"href":"https:\/\/illustratific.com\/index.php\/wp-json\/wp\/v2\/users\/2"}],"replies":[{"embeddable":true,"href":"https:\/\/illustratific.com\/index.php\/wp-json\/wp\/v2\/comments?post=506"}],"version-history":[{"count":4,"href":"https:\/\/illustratific.com\/index.php\/wp-json\/wp\/v2\/pages\/506\/revisions"}],"predecessor-version":[{"id":1128,"href":"https:\/\/illustratific.com\/index.php\/wp-json\/wp\/v2\/pages\/506\/revisions\/1128"}],"up":[{"embeddable":true,"href":"https:\/\/illustratific.com\/index.php\/wp-json\/wp\/v2\/pages\/240"}],"wp:attachment":[{"href":"https:\/\/illustratific.com\/index.php\/wp-json\/wp\/v2\/media?parent=506"}],"curies":[{"name":"wp","href":"https:\/\/api.w.org\/{rel}","templated":true}]}}