{"id":1258,"date":"2023-06-15T21:17:56","date_gmt":"2023-06-15T19:17:56","guid":{"rendered":"https:\/\/illustratific.com\/?page_id=1258"},"modified":"2023-06-15T21:17:56","modified_gmt":"2023-06-15T19:17:56","slug":"la-resurrection-energetique-dhermann","status":"publish","type":"page","link":"https:\/\/illustratific.com\/index.php\/hermann-begonia\/la-resurrection-energetique-dhermann\/","title":{"rendered":"La r\u00e9surrection \u00e9nerg\u00e9tique d\u2019Hermann"},"content":{"rendered":"<p><a href=\"https:\/\/illustratific.com\/wp-content\/uploads\/2023\/06\/Battery3.jpg\"><img loading=\"lazy\" decoding=\"async\" class=\"aligncenter wp-image-1241 size-full\" src=\"https:\/\/illustratific.com\/wp-content\/uploads\/2023\/06\/Battery3.jpg\" alt=\"\" width=\"595\" height=\"842\" srcset=\"https:\/\/illustratific.com\/wp-content\/uploads\/2023\/06\/Battery3.jpg 595w, https:\/\/illustratific.com\/wp-content\/uploads\/2023\/06\/Battery3-212x300.jpg 212w\" sizes=\"auto, (max-width: 595px) 100vw, 595px\" \/><\/a><\/p>\n","protected":false},"excerpt":{"rendered":"","protected":false},"author":2,"featured_media":0,"parent":141,"menu_order":11,"comment_status":"closed","ping_status":"closed","template":"","meta":{"footnotes":""},"class_list":["post-1258","page","type-page","status-publish","hentry"],"aioseo_notices":[],"_links":{"self":[{"href":"https:\/\/illustratific.com\/index.php\/wp-json\/wp\/v2\/pages\/1258","targetHints":{"allow":["GET"]}}],"collection":[{"href":"https:\/\/illustratific.com\/index.php\/wp-json\/wp\/v2\/pages"}],"about":[{"href":"https:\/\/illustratific.com\/index.php\/wp-json\/wp\/v2\/types\/page"}],"author":[{"embeddable":true,"href":"https:\/\/illustratific.com\/index.php\/wp-json\/wp\/v2\/users\/2"}],"replies":[{"embeddable":true,"href":"https:\/\/illustratific.com\/index.php\/wp-json\/wp\/v2\/comments?post=1258"}],"version-history":[{"count":1,"href":"https:\/\/illustratific.com\/index.php\/wp-json\/wp\/v2\/pages\/1258\/revisions"}],"predecessor-version":[{"id":1259,"href":"https:\/\/illustratific.com\/index.php\/wp-json\/wp\/v2\/pages\/1258\/revisions\/1259"}],"up":[{"embeddable":true,"href":"https:\/\/illustratific.com\/index.php\/wp-json\/wp\/v2\/pages\/141"}],"wp:attachment":[{"href":"https:\/\/illustratific.com\/index.php\/wp-json\/wp\/v2\/media?parent=1258"}],"curies":[{"name":"wp","href":"https:\/\/api.w.org\/{rel}","templated":true}]}}